{"id":1998,"date":"2016-02-23T10:45:30","date_gmt":"2016-02-23T10:45:30","guid":{"rendered":"https:\/\/www.kider.com\/pt-pt\/perfumeria\/"},"modified":"2022-10-06T11:06:08","modified_gmt":"2022-10-06T11:06:08","slug":"perfumaria","status":"publish","type":"page","link":"https:\/\/www.kider.com\/pt-pt\/perfumaria\/","title":{"rendered":"Perfumer\u00eda"},"content":{"rendered":"<p>[et_pb_section fb_built=&#8221;1&#8243; admin_label=&#8221;Secci\u00f3n&#8221; _builder_version=&#8221;4.16&#8243; global_colors_info=&#8221;{}&#8221;][et_pb_row column_structure=&#8221;1_2,1_2&#8243; admin_label=&#8221;Fila&#8221; _builder_version=&#8221;4.17.4&#8243; background_size=&#8221;initial&#8221; background_position=&#8221;top_left&#8221; background_repeat=&#8221;repeat&#8221; global_colors_info=&#8221;{}&#8221;][et_pb_column type=&#8221;1_2&#8243; _builder_version=&#8221;4.16&#8243; custom_padding=&#8221;|||&#8221; global_colors_info=&#8221;{}&#8221; custom_padding__hover=&#8221;|||&#8221;][et_pb_text admin_label=&#8221;Texto&#8221; _builder_version=&#8221;4.18.0&#8243; background_size=&#8221;initial&#8221; background_position=&#8221;top_left&#8221; background_repeat=&#8221;repeat&#8221; hover_enabled=&#8221;0&#8243; use_border_color=&#8221;off&#8221; border_color=&#8221;#ffffff&#8221; border_style=&#8221;solid&#8221; global_colors_info=&#8221;{}&#8221; sticky_enabled=&#8221;0&#8243;]<\/p>\n\n<div class=\"n2-td\">\u00a0<\/div>\n<p>[\/et_pb_text][et_pb_text admin_label=&#8221;Texto&#8221; _builder_version=&#8221;4.16&#8243; background_size=&#8221;initial&#8221; background_position=&#8221;top_left&#8221; background_repeat=&#8221;repeat&#8221; use_border_color=&#8221;off&#8221; border_color=&#8221;#ffffff&#8221; border_style=&#8221;solid&#8221; global_colors_info=&#8221;{}&#8221;]<\/p>\n<div class=\"et_pb_text et_pb_module et_pb_bg_layout_light et_pb_text_align_left  et_pb_text_1\">\n<h6 style=\"text-align: center;\">Clique sobre a imagem para se manter est\u00e1tica.<\/h6>\n<\/div>\n<p>[\/et_pb_text][\/et_pb_column][et_pb_column type=&#8221;1_2&#8243; _builder_version=&#8221;4.17.4&#8243; _module_preset=&#8221;default&#8221; global_colors_info=&#8221;{}&#8221;][et_pb_text _builder_version=&#8221;4.17.4&#8243; _module_preset=&#8221;default&#8221; global_colors_info=&#8221;{}&#8221;]<\/p>\n<p>&nbsp;<\/p>\n<p>&nbsp;<\/p>\n<p>&nbsp;<\/p>\n<h2 style=\"text-align: left;\"><span style=\"color: #0e4788;\"><strong>Perfumaria<\/strong><\/span><\/h2>\n<p>&nbsp;<\/p>\n<p style=\"text-align: justify;\">A ilumina\u00e7\u00e3o, juntamente com os nossos fundos personalizados e os diferentes materiais e acabamentos, dar\u00e3o \u00e0 \u00e1rea de perfumaria e maquilhagem um toque distinto e \u00fanico. Al\u00e9m disso, as diferentes solu\u00e7\u00f5es de expositores permitem destacar cada prateleira de uma forma mais \u00fanica, adaptando-a a cada tipo de produto com a inclina\u00e7\u00e3o, o tamanho da prateleira, etc. Existem infinitas combina\u00e7\u00f5es.<\/p>\n<p style=\"text-align: justify;\">Contacte-nos para mais detalhes.<\/p>\n<p>[\/et_pb_text][\/et_pb_column][\/et_pb_row][\/et_pb_section]<\/p>\n","protected":false},"excerpt":{"rendered":"<p> \u00a0 Clique sobre a imagem para se manter est\u00e1tica. &nbsp; &nbsp; &nbsp; Perfumaria &nbsp; A ilumina\u00e7\u00e3o, juntamente com os nossos fundos personalizados e os diferentes materiais e acabamentos, dar\u00e3o \u00e0 \u00e1rea de perfumaria e maquilhagem um toque distinto e \u00fanico. Al\u00e9m disso, as diferentes solu\u00e7\u00f5es de expositores permitem destacar cada prateleira de uma [&hellip;]<\/p>\n","protected":false},"author":3,"featured_media":0,"parent":0,"menu_order":0,"comment_status":"closed","ping_status":"closed","template":"","meta":{"_et_pb_use_builder":"on","_et_pb_old_content":"","_et_gb_content_width":"","footnotes":""},"yoast_head":"<!-- This site is optimized with the Yoast SEO plugin v22.2 - https:\/\/yoast.com\/wordpress\/plugins\/seo\/ -->\n<title>Perfumer\u00eda - Kider Store Solutions<\/title>\n<meta name=\"robots\" content=\"index, follow, max-snippet:-1, max-image-preview:large, max-video-preview:-1\" \/>\n<link rel=\"canonical\" href=\"https:\/\/www.kider.com\/pt-pt\/perfumaria\/\" \/>\n<meta property=\"og:locale\" content=\"pt_PT\" \/>\n<meta property=\"og:type\" content=\"article\" \/>\n<meta property=\"og:title\" content=\"Perfumer\u00eda - Kider Store Solutions\" \/>\n<meta property=\"og:description\" content=\"\u00a0 Clique sobre a imagem para se manter est\u00e1tica. &nbsp; &nbsp; &nbsp; Perfumaria &nbsp; A ilumina\u00e7\u00e3o, juntamente com os nossos fundos personalizados e os diferentes materiais e acabamentos, dar\u00e3o \u00e0 \u00e1rea de perfumaria e maquilhagem um toque distinto e \u00fanico. Al\u00e9m disso, as diferentes solu\u00e7\u00f5es de expositores permitem destacar cada prateleira de uma [&hellip;]\" \/>\n<meta property=\"og:url\" content=\"https:\/\/www.kider.com\/pt-pt\/perfumaria\/\" \/>\n<meta property=\"og:site_name\" content=\"Kider Store Solutions\" \/>\n<meta property=\"article:modified_time\" content=\"2022-10-06T11:06:08+00:00\" \/>\n<meta name=\"twitter:card\" content=\"summary_large_image\" \/>\n<meta name=\"twitter:label1\" content=\"Tempo estimado de leitura\" \/>\n\t<meta name=\"twitter:data1\" content=\"1 minuto\" \/>\n<script type=\"application\/ld+json\" class=\"yoast-schema-graph\">{\"@context\":\"https:\/\/schema.org\",\"@graph\":[{\"@type\":\"WebPage\",\"@id\":\"https:\/\/www.kider.com\/pt-pt\/perfumaria\/\",\"url\":\"https:\/\/www.kider.com\/pt-pt\/perfumaria\/\",\"name\":\"Perfumer\u00eda - Kider Store Solutions\",\"isPartOf\":{\"@id\":\"https:\/\/www.kider.com\/#website\"},\"datePublished\":\"2016-02-23T10:45:30+00:00\",\"dateModified\":\"2022-10-06T11:06:08+00:00\",\"breadcrumb\":{\"@id\":\"https:\/\/www.kider.com\/pt-pt\/perfumaria\/#breadcrumb\"},\"inLanguage\":\"pt-PT\",\"potentialAction\":[{\"@type\":\"ReadAction\",\"target\":[\"https:\/\/www.kider.com\/pt-pt\/perfumaria\/\"]}]},{\"@type\":\"BreadcrumbList\",\"@id\":\"https:\/\/www.kider.com\/pt-pt\/perfumaria\/#breadcrumb\",\"itemListElement\":[{\"@type\":\"ListItem\",\"position\":1,\"name\":\"Portada\",\"item\":\"https:\/\/www.kider.com\/pt-pt\/\"},{\"@type\":\"ListItem\",\"position\":2,\"name\":\"Perfumer\u00eda\"}]},{\"@type\":\"WebSite\",\"@id\":\"https:\/\/www.kider.com\/#website\",\"url\":\"https:\/\/www.kider.com\/\",\"name\":\"Kider Store Solutions\",\"description\":\"Equipamiento Comercial\",\"potentialAction\":[{\"@type\":\"SearchAction\",\"target\":{\"@type\":\"EntryPoint\",\"urlTemplate\":\"https:\/\/www.kider.com\/?s={search_term_string}\"},\"query-input\":\"required name=search_term_string\"}],\"inLanguage\":\"pt-PT\"}]}<\/script>\n<!-- \/ Yoast SEO plugin. -->","yoast_head_json":{"title":"Perfumer\u00eda - Kider Store Solutions","robots":{"index":"index","follow":"follow","max-snippet":"max-snippet:-1","max-image-preview":"max-image-preview:large","max-video-preview":"max-video-preview:-1"},"canonical":"https:\/\/www.kider.com\/pt-pt\/perfumaria\/","og_locale":"pt_PT","og_type":"article","og_title":"Perfumer\u00eda - Kider Store Solutions","og_description":"\u00a0 Clique sobre a imagem para se manter est\u00e1tica. &nbsp; &nbsp; &nbsp; Perfumaria &nbsp; A ilumina\u00e7\u00e3o, juntamente com os nossos fundos personalizados e os diferentes materiais e acabamentos, dar\u00e3o \u00e0 \u00e1rea de perfumaria e maquilhagem um toque distinto e \u00fanico. Al\u00e9m disso, as diferentes solu\u00e7\u00f5es de expositores permitem destacar cada prateleira de uma [&hellip;]","og_url":"https:\/\/www.kider.com\/pt-pt\/perfumaria\/","og_site_name":"Kider Store Solutions","article_modified_time":"2022-10-06T11:06:08+00:00","twitter_card":"summary_large_image","twitter_misc":{"Tempo estimado de leitura":"1 minuto"},"schema":{"@context":"https:\/\/schema.org","@graph":[{"@type":"WebPage","@id":"https:\/\/www.kider.com\/pt-pt\/perfumaria\/","url":"https:\/\/www.kider.com\/pt-pt\/perfumaria\/","name":"Perfumer\u00eda - Kider Store Solutions","isPartOf":{"@id":"https:\/\/www.kider.com\/#website"},"datePublished":"2016-02-23T10:45:30+00:00","dateModified":"2022-10-06T11:06:08+00:00","breadcrumb":{"@id":"https:\/\/www.kider.com\/pt-pt\/perfumaria\/#breadcrumb"},"inLanguage":"pt-PT","potentialAction":[{"@type":"ReadAction","target":["https:\/\/www.kider.com\/pt-pt\/perfumaria\/"]}]},{"@type":"BreadcrumbList","@id":"https:\/\/www.kider.com\/pt-pt\/perfumaria\/#breadcrumb","itemListElement":[{"@type":"ListItem","position":1,"name":"Portada","item":"https:\/\/www.kider.com\/pt-pt\/"},{"@type":"ListItem","position":2,"name":"Perfumer\u00eda"}]},{"@type":"WebSite","@id":"https:\/\/www.kider.com\/#website","url":"https:\/\/www.kider.com\/","name":"Kider Store Solutions","description":"Equipamiento Comercial","potentialAction":[{"@type":"SearchAction","target":{"@type":"EntryPoint","urlTemplate":"https:\/\/www.kider.com\/?s={search_term_string}"},"query-input":"required name=search_term_string"}],"inLanguage":"pt-PT"}]}},"_links":{"self":[{"href":"https:\/\/www.kider.com\/pt-pt\/wp-json\/wp\/v2\/pages\/1998"}],"collection":[{"href":"https:\/\/www.kider.com\/pt-pt\/wp-json\/wp\/v2\/pages"}],"about":[{"href":"https:\/\/www.kider.com\/pt-pt\/wp-json\/wp\/v2\/types\/page"}],"author":[{"embeddable":true,"href":"https:\/\/www.kider.com\/pt-pt\/wp-json\/wp\/v2\/users\/3"}],"replies":[{"embeddable":true,"href":"https:\/\/www.kider.com\/pt-pt\/wp-json\/wp\/v2\/comments?post=1998"}],"version-history":[{"count":0,"href":"https:\/\/www.kider.com\/pt-pt\/wp-json\/wp\/v2\/pages\/1998\/revisions"}],"wp:attachment":[{"href":"https:\/\/www.kider.com\/pt-pt\/wp-json\/wp\/v2\/media?parent=1998"}],"curies":[{"name":"wp","href":"https:\/\/api.w.org\/{rel}","templated":true}]}}