{"id":2003,"date":"2016-03-01T12:32:37","date_gmt":"2016-03-01T12:32:37","guid":{"rendered":"https:\/\/www.kider.com\/pt-pt\/complementos-y-accesorios-2\/"},"modified":"2016-04-19T16:06:15","modified_gmt":"2016-04-19T16:06:15","slug":"complementos-e-acessorios","status":"publish","type":"page","link":"https:\/\/www.kider.com\/pt-pt\/complementos-e-acessorios\/","title":{"rendered":"Complementos y accesorios"},"content":{"rendered":"<p>[et_pb_section admin_label=&#8221;section&#8221;][et_pb_row admin_label=&#8221;Fila&#8221;][et_pb_column type=&#8221;4_4&#8243;][et_pb_text admin_label=&#8221;Texto&#8221; background_layout=&#8221;light&#8221; text_orientation=&#8221;left&#8221; use_border_color=&#8221;off&#8221; border_color=&#8221;#ffffff&#8221; border_style=&#8221;solid&#8221;]<\/p>\n<h2><strong>COMPLEMENTOS Y ACCESORIOS<\/strong><\/h2>\n<p>[\/et_pb_text][et_pb_divider admin_label=&#8221;Separador&#8221; color=&#8221;#9b9b9b&#8221; show_divider=&#8221;on&#8221; divider_style=&#8221;dashed&#8221; divider_position=&#8221;top&#8221; hide_on_mobile=&#8221;on&#8221;] [\/et_pb_divider][\/et_pb_column][\/et_pb_row][et_pb_row admin_label=&#8221;row&#8221;][et_pb_column type=&#8221;1_3&#8243;][et_pb_image admin_label=&#8221;Imagen&#8221; src=&#8221;https:\/\/www.kider.com\/wp-content\/uploads\/2016\/02\/KIDER-ACCESORIOS-MUEBLE-KS-1-3-e1461080010575.jpg&#8221; show_in_lightbox=&#8221;off&#8221; url_new_window=&#8221;off&#8221; use_overlay=&#8221;off&#8221; animation=&#8221;off&#8221; sticky=&#8221;off&#8221; align=&#8221;left&#8221; force_fullwidth=&#8221;off&#8221; always_center_on_mobile=&#8221;on&#8221; use_border_color=&#8221;off&#8221; border_color=&#8221;#ffffff&#8221; border_style=&#8221;solid&#8221;] [\/et_pb_image][et_pb_text admin_label=&#8221;Texto&#8221; background_layout=&#8221;light&#8221; text_orientation=&#8221;left&#8221; use_border_color=&#8221;off&#8221; border_color=&#8221;#ffffff&#8221; border_style=&#8221;solid&#8221;]<\/p>\n<p style=\"text-align: center;\">Portapre\u00e7os<\/p>\n<p>[\/et_pb_text][\/et_pb_column][et_pb_column type=&#8221;1_3&#8243;][et_pb_image admin_label=&#8221;Imagen&#8221; src=&#8221;https:\/\/www.kider.com\/wp-content\/uploads\/2016\/02\/KIDER-ACCESORIOS-MUEBLE-KS-3-1-e1461080052388.jpg&#8221; show_in_lightbox=&#8221;off&#8221; url_new_window=&#8221;off&#8221; use_overlay=&#8221;off&#8221; animation=&#8221;off&#8221; sticky=&#8221;off&#8221; align=&#8221;left&#8221; force_fullwidth=&#8221;off&#8221; always_center_on_mobile=&#8221;on&#8221; use_border_color=&#8221;off&#8221; border_color=&#8221;#ffffff&#8221; border_style=&#8221;solid&#8221;] [\/et_pb_image][et_pb_text admin_label=&#8221;Texto&#8221; background_layout=&#8221;light&#8221; text_orientation=&#8221;left&#8221; use_border_color=&#8221;off&#8221; border_color=&#8221;#ffffff&#8221; border_style=&#8221;solid&#8221;]<\/p>\n<p style=\"text-align: center;\">Acess\u00f3rios<\/p>\n<p>[\/et_pb_text][\/et_pb_column][et_pb_column type=&#8221;1_3&#8243;][et_pb_image admin_label=&#8221;Imagen&#8221; src=&#8221;https:\/\/www.kider.com\/wp-content\/uploads\/2016\/02\/KIDER-ACCESORIOS-MUEBLE-KS-2-e1461080125393.jpg&#8221; show_in_lightbox=&#8221;off&#8221; url_new_window=&#8221;off&#8221; use_overlay=&#8221;off&#8221; animation=&#8221;off&#8221; sticky=&#8221;off&#8221; align=&#8221;left&#8221; force_fullwidth=&#8221;off&#8221; always_center_on_mobile=&#8221;on&#8221; use_border_color=&#8221;off&#8221; border_color=&#8221;#ffffff&#8221; border_style=&#8221;solid&#8221;] [\/et_pb_image][et_pb_text admin_label=&#8221;Texto&#8221; background_layout=&#8221;light&#8221; text_orientation=&#8221;left&#8221; use_border_color=&#8221;off&#8221; border_color=&#8221;#ffffff&#8221; border_style=&#8221;solid&#8221;]<\/p>\n<p style=\"text-align: center;\">Ilumina\u00e7\u00e3o LED<\/p>\n<p>[\/et_pb_text][\/et_pb_column][\/et_pb_row][et_pb_row admin_label=&#8221;Fila&#8221;][et_pb_column type=&#8221;4_4&#8243;][et_pb_divider admin_label=&#8221;Separador&#8221; color=&#8221;#9b9b9b&#8221; show_divider=&#8221;on&#8221; divider_style=&#8221;dashed&#8221; divider_position=&#8221;top&#8221; hide_on_mobile=&#8221;on&#8221;] [\/et_pb_divider][\/et_pb_column][\/et_pb_row][et_pb_row admin_label=&#8221;row&#8221;][et_pb_column type=&#8221;1_3&#8243;][et_pb_image admin_label=&#8221;Imagen&#8221; src=&#8221;https:\/\/www.kider.com\/wp-content\/uploads\/2016\/02\/kider-consignas-productos.jpg&#8221; show_in_lightbox=&#8221;off&#8221; url_new_window=&#8221;off&#8221; use_overlay=&#8221;off&#8221; animation=&#8221;off&#8221; sticky=&#8221;off&#8221; align=&#8221;left&#8221; force_fullwidth=&#8221;off&#8221; always_center_on_mobile=&#8221;on&#8221; use_border_color=&#8221;off&#8221; border_color=&#8221;#ffffff&#8221; border_style=&#8221;solid&#8221; custom_margin=&#8221;||55px|&#8221;] [\/et_pb_image][et_pb_text admin_label=&#8221;Texto&#8221; background_layout=&#8221;light&#8221; text_orientation=&#8221;left&#8221; use_border_color=&#8221;off&#8221; border_color=&#8221;#ffffff&#8221; border_style=&#8221;solid&#8221;]<\/p>\n<p style=\"text-align: center;\">Cacifos<\/p>\n<p>[\/et_pb_text][\/et_pb_column][et_pb_column type=&#8221;1_3&#8243;][et_pb_image admin_label=&#8221;Imagen&#8221; src=&#8221;https:\/\/www.kider.com\/wp-content\/uploads\/2016\/02\/Kider-Botadero-e1461080262627.jpg&#8221; show_in_lightbox=&#8221;off&#8221; url_new_window=&#8221;off&#8221; use_overlay=&#8221;off&#8221; animation=&#8221;off&#8221; sticky=&#8221;off&#8221; align=&#8221;left&#8221; force_fullwidth=&#8221;off&#8221; always_center_on_mobile=&#8221;on&#8221; use_border_color=&#8221;off&#8221; border_color=&#8221;#ffffff&#8221; border_style=&#8221;solid&#8221;] [\/et_pb_image][et_pb_text admin_label=&#8221;Texto&#8221; background_layout=&#8221;light&#8221; text_orientation=&#8221;left&#8221; use_border_color=&#8221;off&#8221; border_color=&#8221;#ffffff&#8221; border_style=&#8221;solid&#8221;]<\/p>\n<p style=\"text-align: center;\">Botadero<\/p>\n<p>[\/et_pb_text][\/et_pb_column][et_pb_column type=&#8221;1_3&#8243;][\/et_pb_column][\/et_pb_row][\/et_pb_section]<\/p>\n","protected":false},"excerpt":{"rendered":"<p>COMPLEMENTOS Y ACCESORIOS Portapre\u00e7os Acess\u00f3rios Ilumina\u00e7\u00e3o LED Cacifos Botadero<\/p>\n","protected":false},"author":3,"featured_media":0,"parent":0,"menu_order":0,"comment_status":"closed","ping_status":"closed","template":"","meta":{"_et_pb_use_builder":"on","_et_pb_old_content":"","_et_gb_content_width":"","footnotes":""},"yoast_head":"<!-- This site is optimized with the Yoast SEO plugin v22.2 - https:\/\/yoast.com\/wordpress\/plugins\/seo\/ -->\n<title>Complementos y accesorios - Kider Store Solutions<\/title>\n<meta name=\"robots\" content=\"index, follow, max-snippet:-1, max-image-preview:large, max-video-preview:-1\" \/>\n<link rel=\"canonical\" href=\"https:\/\/www.kider.com\/pt-pt\/complementos-e-acessorios\/\" \/>\n<meta property=\"og:locale\" content=\"pt_PT\" \/>\n<meta property=\"og:type\" content=\"article\" \/>\n<meta property=\"og:title\" content=\"Complementos y accesorios - Kider Store Solutions\" \/>\n<meta property=\"og:description\" content=\"COMPLEMENTOS Y ACCESORIOS Portapre\u00e7os Acess\u00f3rios Ilumina\u00e7\u00e3o LED Cacifos Botadero\" \/>\n<meta property=\"og:url\" content=\"https:\/\/www.kider.com\/pt-pt\/complementos-e-acessorios\/\" \/>\n<meta property=\"og:site_name\" content=\"Kider Store Solutions\" \/>\n<meta property=\"article:modified_time\" content=\"2016-04-19T16:06:15+00:00\" \/>\n<meta name=\"twitter:card\" content=\"summary_large_image\" \/>\n<meta name=\"twitter:label1\" content=\"Tempo estimado de leitura\" \/>\n\t<meta name=\"twitter:data1\" content=\"3 minutos\" \/>\n<script type=\"application\/ld+json\" class=\"yoast-schema-graph\">{\"@context\":\"https:\/\/schema.org\",\"@graph\":[{\"@type\":\"WebPage\",\"@id\":\"https:\/\/www.kider.com\/pt-pt\/complementos-e-acessorios\/\",\"url\":\"https:\/\/www.kider.com\/pt-pt\/complementos-e-acessorios\/\",\"name\":\"Complementos y accesorios - Kider Store Solutions\",\"isPartOf\":{\"@id\":\"https:\/\/www.kider.com\/#website\"},\"datePublished\":\"2016-03-01T12:32:37+00:00\",\"dateModified\":\"2016-04-19T16:06:15+00:00\",\"breadcrumb\":{\"@id\":\"https:\/\/www.kider.com\/pt-pt\/complementos-e-acessorios\/#breadcrumb\"},\"inLanguage\":\"pt-PT\",\"potentialAction\":[{\"@type\":\"ReadAction\",\"target\":[\"https:\/\/www.kider.com\/pt-pt\/complementos-e-acessorios\/\"]}]},{\"@type\":\"BreadcrumbList\",\"@id\":\"https:\/\/www.kider.com\/pt-pt\/complementos-e-acessorios\/#breadcrumb\",\"itemListElement\":[{\"@type\":\"ListItem\",\"position\":1,\"name\":\"Portada\",\"item\":\"https:\/\/www.kider.com\/pt-pt\/\"},{\"@type\":\"ListItem\",\"position\":2,\"name\":\"Complementos y accesorios\"}]},{\"@type\":\"WebSite\",\"@id\":\"https:\/\/www.kider.com\/#website\",\"url\":\"https:\/\/www.kider.com\/\",\"name\":\"Kider Store Solutions\",\"description\":\"Equipamiento Comercial\",\"potentialAction\":[{\"@type\":\"SearchAction\",\"target\":{\"@type\":\"EntryPoint\",\"urlTemplate\":\"https:\/\/www.kider.com\/?s={search_term_string}\"},\"query-input\":\"required name=search_term_string\"}],\"inLanguage\":\"pt-PT\"}]}<\/script>\n<!-- \/ Yoast SEO plugin. -->","yoast_head_json":{"title":"Complementos y accesorios - Kider Store Solutions","robots":{"index":"index","follow":"follow","max-snippet":"max-snippet:-1","max-image-preview":"max-image-preview:large","max-video-preview":"max-video-preview:-1"},"canonical":"https:\/\/www.kider.com\/pt-pt\/complementos-e-acessorios\/","og_locale":"pt_PT","og_type":"article","og_title":"Complementos y accesorios - Kider Store Solutions","og_description":"COMPLEMENTOS Y ACCESORIOS Portapre\u00e7os Acess\u00f3rios Ilumina\u00e7\u00e3o LED Cacifos Botadero","og_url":"https:\/\/www.kider.com\/pt-pt\/complementos-e-acessorios\/","og_site_name":"Kider Store Solutions","article_modified_time":"2016-04-19T16:06:15+00:00","twitter_card":"summary_large_image","twitter_misc":{"Tempo estimado de leitura":"3 minutos"},"schema":{"@context":"https:\/\/schema.org","@graph":[{"@type":"WebPage","@id":"https:\/\/www.kider.com\/pt-pt\/complementos-e-acessorios\/","url":"https:\/\/www.kider.com\/pt-pt\/complementos-e-acessorios\/","name":"Complementos y accesorios - Kider Store Solutions","isPartOf":{"@id":"https:\/\/www.kider.com\/#website"},"datePublished":"2016-03-01T12:32:37+00:00","dateModified":"2016-04-19T16:06:15+00:00","breadcrumb":{"@id":"https:\/\/www.kider.com\/pt-pt\/complementos-e-acessorios\/#breadcrumb"},"inLanguage":"pt-PT","potentialAction":[{"@type":"ReadAction","target":["https:\/\/www.kider.com\/pt-pt\/complementos-e-acessorios\/"]}]},{"@type":"BreadcrumbList","@id":"https:\/\/www.kider.com\/pt-pt\/complementos-e-acessorios\/#breadcrumb","itemListElement":[{"@type":"ListItem","position":1,"name":"Portada","item":"https:\/\/www.kider.com\/pt-pt\/"},{"@type":"ListItem","position":2,"name":"Complementos y accesorios"}]},{"@type":"WebSite","@id":"https:\/\/www.kider.com\/#website","url":"https:\/\/www.kider.com\/","name":"Kider Store Solutions","description":"Equipamiento Comercial","potentialAction":[{"@type":"SearchAction","target":{"@type":"EntryPoint","urlTemplate":"https:\/\/www.kider.com\/?s={search_term_string}"},"query-input":"required name=search_term_string"}],"inLanguage":"pt-PT"}]}},"_links":{"self":[{"href":"https:\/\/www.kider.com\/pt-pt\/wp-json\/wp\/v2\/pages\/2003"}],"collection":[{"href":"https:\/\/www.kider.com\/pt-pt\/wp-json\/wp\/v2\/pages"}],"about":[{"href":"https:\/\/www.kider.com\/pt-pt\/wp-json\/wp\/v2\/types\/page"}],"author":[{"embeddable":true,"href":"https:\/\/www.kider.com\/pt-pt\/wp-json\/wp\/v2\/users\/3"}],"replies":[{"embeddable":true,"href":"https:\/\/www.kider.com\/pt-pt\/wp-json\/wp\/v2\/comments?post=2003"}],"version-history":[{"count":0,"href":"https:\/\/www.kider.com\/pt-pt\/wp-json\/wp\/v2\/pages\/2003\/revisions"}],"wp:attachment":[{"href":"https:\/\/www.kider.com\/pt-pt\/wp-json\/wp\/v2\/media?parent=2003"}],"curies":[{"name":"wp","href":"https:\/\/api.w.org\/{rel}","templated":true}]}}