{"id":2005,"date":"2016-03-01T12:22:00","date_gmt":"2016-03-01T12:22:00","guid":{"rendered":"https:\/\/www.kider.com\/pt-pt\/rack\/"},"modified":"2016-03-22T16:53:13","modified_gmt":"2016-03-22T16:53:13","slug":"rack","status":"publish","type":"page","link":"https:\/\/www.kider.com\/pt-pt\/rack\/","title":{"rendered":"Rack"},"content":{"rendered":"<p>[et_pb_section admin_label=&#8221;section&#8221;][et_pb_row admin_label=&#8221;row&#8221;][et_pb_column type=&#8221;4_4&#8243;][et_pb_text admin_label=&#8221;Texto&#8221; background_layout=&#8221;light&#8221; text_orientation=&#8221;left&#8221; use_border_color=&#8221;off&#8221; border_color=&#8221;#ffffff&#8221; border_style=&#8221;solid&#8221;]<\/p>\n<h2><strong>RACK<\/strong><\/h2>\n<h5><span style=\"color: #0e4788;\"><strong>Uma boa solu\u00e7\u00e3o para otimizar ao m\u00e1ximo o espa\u00e7o dispon\u00edvel na sala de vendas<\/strong><\/span><\/h5>\n<p>[\/et_pb_text][et_pb_divider admin_label=&#8221;Separador&#8221; color=&#8221;#9b9b9b&#8221; show_divider=&#8221;on&#8221; divider_style=&#8221;dashed&#8221; divider_position=&#8221;top&#8221; hide_on_mobile=&#8221;on&#8221;] [\/et_pb_divider][\/et_pb_column][\/et_pb_row][et_pb_row admin_label=&#8221;Fila&#8221;][et_pb_column type=&#8221;1_2&#8243;][et_pb_text admin_label=&#8221;Texto&#8221; background_layout=&#8221;light&#8221; text_orientation=&#8221;left&#8221; use_border_color=&#8221;off&#8221; border_color=&#8221;#ffffff&#8221; border_style=&#8221;solid&#8221; custom_margin=&#8221;-20px|||&#8221;]<\/p>\n<h4 style=\"text-align: center;\"><strong>Rack RKS<\/strong><\/h4>\n<p>[\/et_pb_text][et_pb_image admin_label=&#8221;Imagen&#8221; src=&#8221;https:\/\/www.kider.com\/wp-content\/uploads\/2016\/02\/KIDER-Rack-KS-2.jpg&#8221; show_in_lightbox=&#8221;off&#8221; url_new_window=&#8221;off&#8221; use_overlay=&#8221;off&#8221; animation=&#8221;off&#8221; sticky=&#8221;off&#8221; align=&#8221;center&#8221; force_fullwidth=&#8221;off&#8221; always_center_on_mobile=&#8221;on&#8221; use_border_color=&#8221;off&#8221; border_color=&#8221;#ffffff&#8221; border_style=&#8221;solid&#8221; custom_margin=&#8221;30px|||&#8221;] [\/et_pb_image][\/et_pb_column][et_pb_column type=&#8221;1_2&#8243;][et_pb_text admin_label=&#8221;Texto&#8221; background_layout=&#8221;light&#8221; text_orientation=&#8221;left&#8221; use_border_color=&#8221;off&#8221; border_color=&#8221;#ffffff&#8221; border_style=&#8221;solid&#8221; custom_margin=&#8221;-20px|||&#8221;]<\/p>\n<h4 style=\"text-align: center;\"><strong>Rack RXK<\/strong><\/h4>\n<p>[\/et_pb_text][et_pb_image admin_label=&#8221;Imagen&#8221; src=&#8221;https:\/\/www.kider.com\/wp-content\/uploads\/2016\/02\/KIDER-Rack-KX.jpg&#8221; show_in_lightbox=&#8221;off&#8221; url_new_window=&#8221;off&#8221; use_overlay=&#8221;off&#8221; animation=&#8221;off&#8221; sticky=&#8221;off&#8221; align=&#8221;left&#8221; force_fullwidth=&#8221;off&#8221; always_center_on_mobile=&#8221;on&#8221; use_border_color=&#8221;off&#8221; border_color=&#8221;#ffffff&#8221; border_style=&#8221;solid&#8221;] [\/et_pb_image][\/et_pb_column][\/et_pb_row][et_pb_row admin_label=&#8221;row&#8221;][et_pb_column type=&#8221;4_4&#8243;][et_pb_divider admin_label=&#8221;Separador&#8221; color=&#8221;#9b9b9b&#8221; show_divider=&#8221;on&#8221; divider_style=&#8221;dashed&#8221; divider_position=&#8221;top&#8221; hide_on_mobile=&#8221;on&#8221;] [\/et_pb_divider][\/et_pb_column][\/et_pb_row][et_pb_row admin_label=&#8221;Fila&#8221;][et_pb_column type=&#8221;1_2&#8243;][et_pb_text admin_label=&#8221;Texto&#8221; background_layout=&#8221;light&#8221; text_orientation=&#8221;left&#8221; use_border_color=&#8221;off&#8221; border_color=&#8221;#ffffff&#8221; border_style=&#8221;solid&#8221; custom_margin=&#8221;-20px|||&#8221;]<\/p>\n<h4 style=\"text-align: center;\">Carater\u00edsticas do RACK RKS<\/h4>\n<ul>\n<li>Sistema ideal para armazenamento manual e exposi\u00e7\u00e3o de produtos ligeiros<\/li>\n<li>Dois modelos:\u00a0ligeiro ou\u00a0combinado<\/li>\n<li>Perfeito para carga manual<\/li>\n<li>Sec\u00e7\u00e3o de puntal de est\u00e9tica cuidada e menor tamanho<\/li>\n<li>Reduz o espa\u00e7o destinado ao armazenamento manual<\/li>\n<li>Alta resist\u00eancia \u00e0 deteoriza\u00e7\u00e3o<\/li>\n<li>Op\u00e7\u00e3o de personaliza\u00e7\u00e3o<\/li>\n<li>Cores: ampla gama de cores standard e possibilidade de utilizar as cores corporativas do cliente (consultar)<\/li>\n<li>Alturas: 2,50, 3,00, 3,50 y 4,00 m<\/li>\n<li>Profundidades: 0,55, 0,65 y 0,75 m<\/li>\n<li>O Rack Ligeiro Combinado permite adaptar a estrutura KS ao Rack<\/li>\n<\/ul>\n<p>[\/et_pb_text][\/et_pb_column][et_pb_column type=&#8221;1_2&#8243;][et_pb_text admin_label=&#8221;Texto&#8221; background_layout=&#8221;light&#8221; text_orientation=&#8221;left&#8221; use_border_color=&#8221;off&#8221; border_color=&#8221;#ffffff&#8221; border_style=&#8221;solid&#8221; custom_margin=&#8221;-20px|||&#8221;]<\/p>\n<h4 style=\"text-align: center;\">Carater\u00edsticas do RACK RKX<\/h4>\n<ul>\n<li>Sistema robusto que permite o armazenamento de grandes cargas e paletes<\/li>\n<li>Dois modelos:\u00a0de paletes ou \u00a0integrado continuo<\/li>\n<li>Estrutura resistente e s\u00f3lida<\/li>\n<li>A sua estrutura permite amazenar produtos de qualquier peso e dimens\u00e3o na parte superior<\/li>\n<li>Sec\u00e7\u00e3o de puntal de est\u00e9tica cuidada e maior tamanho que RKS<\/li>\n<li>Op\u00e7\u00e3o de personaliza\u00e7\u00e3o<\/li>\n<li>Cores: ampla gama de cores standard e possibilidade de utilizar as cores corporativas do cliente (consultar)<\/li>\n<li>Alta resist\u00eancia \u00e0 deteriora\u00e7\u00e3o<\/li>\n<li>Alturas: 1,50, 2,00, 2,50, 4,00, 4,50 y 5,00m<\/li>\n<li>Profundidades: 0\u00b480 y 1\u00b410 m<\/li>\n<li>O rack integrado cont\u00ednuo permite adaptar a estrutura KS ao rack<\/li>\n<\/ul>\n<p>[\/et_pb_text][\/et_pb_column][\/et_pb_row][\/et_pb_section]<\/p>\n","protected":false},"excerpt":{"rendered":"<p>RACK Uma boa solu\u00e7\u00e3o para otimizar ao m\u00e1ximo o espa\u00e7o dispon\u00edvel na sala de vendas Rack RKS Rack RXK Carater\u00edsticas do RACK RKS Sistema ideal para armazenamento manual e exposi\u00e7\u00e3o de produtos ligeiros Dois modelos:\u00a0ligeiro ou\u00a0combinado Perfeito para carga manual Sec\u00e7\u00e3o de puntal de est\u00e9tica cuidada e menor tamanho Reduz o espa\u00e7o destinado ao armazenamento [&hellip;]<\/p>\n","protected":false},"author":3,"featured_media":0,"parent":0,"menu_order":0,"comment_status":"closed","ping_status":"closed","template":"","meta":{"_et_pb_use_builder":"on","_et_pb_old_content":"","_et_gb_content_width":"","footnotes":""},"yoast_head":"<!-- This site is optimized with the Yoast SEO plugin v22.2 - https:\/\/yoast.com\/wordpress\/plugins\/seo\/ -->\n<title>Rack - Kider Store Solutions<\/title>\n<meta name=\"robots\" content=\"index, follow, max-snippet:-1, max-image-preview:large, max-video-preview:-1\" \/>\n<link rel=\"canonical\" href=\"https:\/\/www.kider.com\/pt-pt\/rack\/\" \/>\n<meta property=\"og:locale\" content=\"pt_PT\" \/>\n<meta property=\"og:type\" content=\"article\" \/>\n<meta property=\"og:title\" content=\"Rack - Kider Store Solutions\" \/>\n<meta property=\"og:description\" content=\"RACK Uma boa solu\u00e7\u00e3o para otimizar ao m\u00e1ximo o espa\u00e7o dispon\u00edvel na sala de vendas Rack RKS Rack RXK Carater\u00edsticas do RACK RKS Sistema ideal para armazenamento manual e exposi\u00e7\u00e3o de produtos ligeiros Dois modelos:\u00a0ligeiro ou\u00a0combinado Perfeito para carga manual Sec\u00e7\u00e3o de puntal de est\u00e9tica cuidada e menor tamanho Reduz o espa\u00e7o destinado ao armazenamento [&hellip;]\" \/>\n<meta property=\"og:url\" content=\"https:\/\/www.kider.com\/pt-pt\/rack\/\" \/>\n<meta property=\"og:site_name\" content=\"Kider Store Solutions\" \/>\n<meta property=\"article:modified_time\" content=\"2016-03-22T16:53:13+00:00\" \/>\n<meta name=\"twitter:card\" content=\"summary_large_image\" \/>\n<meta name=\"twitter:label1\" content=\"Tempo estimado de leitura\" \/>\n\t<meta name=\"twitter:data1\" content=\"3 minutos\" \/>\n<script type=\"application\/ld+json\" class=\"yoast-schema-graph\">{\"@context\":\"https:\/\/schema.org\",\"@graph\":[{\"@type\":\"WebPage\",\"@id\":\"https:\/\/www.kider.com\/pt-pt\/rack\/\",\"url\":\"https:\/\/www.kider.com\/pt-pt\/rack\/\",\"name\":\"Rack - Kider Store Solutions\",\"isPartOf\":{\"@id\":\"https:\/\/www.kider.com\/#website\"},\"datePublished\":\"2016-03-01T12:22:00+00:00\",\"dateModified\":\"2016-03-22T16:53:13+00:00\",\"breadcrumb\":{\"@id\":\"https:\/\/www.kider.com\/pt-pt\/rack\/#breadcrumb\"},\"inLanguage\":\"pt-PT\",\"potentialAction\":[{\"@type\":\"ReadAction\",\"target\":[\"https:\/\/www.kider.com\/pt-pt\/rack\/\"]}]},{\"@type\":\"BreadcrumbList\",\"@id\":\"https:\/\/www.kider.com\/pt-pt\/rack\/#breadcrumb\",\"itemListElement\":[{\"@type\":\"ListItem\",\"position\":1,\"name\":\"Portada\",\"item\":\"https:\/\/www.kider.com\/pt-pt\/\"},{\"@type\":\"ListItem\",\"position\":2,\"name\":\"Rack\"}]},{\"@type\":\"WebSite\",\"@id\":\"https:\/\/www.kider.com\/#website\",\"url\":\"https:\/\/www.kider.com\/\",\"name\":\"Kider Store Solutions\",\"description\":\"Equipamiento Comercial\",\"potentialAction\":[{\"@type\":\"SearchAction\",\"target\":{\"@type\":\"EntryPoint\",\"urlTemplate\":\"https:\/\/www.kider.com\/?s={search_term_string}\"},\"query-input\":\"required name=search_term_string\"}],\"inLanguage\":\"pt-PT\"}]}<\/script>\n<!-- \/ Yoast SEO plugin. -->","yoast_head_json":{"title":"Rack - Kider Store Solutions","robots":{"index":"index","follow":"follow","max-snippet":"max-snippet:-1","max-image-preview":"max-image-preview:large","max-video-preview":"max-video-preview:-1"},"canonical":"https:\/\/www.kider.com\/pt-pt\/rack\/","og_locale":"pt_PT","og_type":"article","og_title":"Rack - Kider Store Solutions","og_description":"RACK Uma boa solu\u00e7\u00e3o para otimizar ao m\u00e1ximo o espa\u00e7o dispon\u00edvel na sala de vendas Rack RKS Rack RXK Carater\u00edsticas do RACK RKS Sistema ideal para armazenamento manual e exposi\u00e7\u00e3o de produtos ligeiros Dois modelos:\u00a0ligeiro ou\u00a0combinado Perfeito para carga manual Sec\u00e7\u00e3o de puntal de est\u00e9tica cuidada e menor tamanho Reduz o espa\u00e7o destinado ao armazenamento [&hellip;]","og_url":"https:\/\/www.kider.com\/pt-pt\/rack\/","og_site_name":"Kider Store Solutions","article_modified_time":"2016-03-22T16:53:13+00:00","twitter_card":"summary_large_image","twitter_misc":{"Tempo estimado de leitura":"3 minutos"},"schema":{"@context":"https:\/\/schema.org","@graph":[{"@type":"WebPage","@id":"https:\/\/www.kider.com\/pt-pt\/rack\/","url":"https:\/\/www.kider.com\/pt-pt\/rack\/","name":"Rack - Kider Store Solutions","isPartOf":{"@id":"https:\/\/www.kider.com\/#website"},"datePublished":"2016-03-01T12:22:00+00:00","dateModified":"2016-03-22T16:53:13+00:00","breadcrumb":{"@id":"https:\/\/www.kider.com\/pt-pt\/rack\/#breadcrumb"},"inLanguage":"pt-PT","potentialAction":[{"@type":"ReadAction","target":["https:\/\/www.kider.com\/pt-pt\/rack\/"]}]},{"@type":"BreadcrumbList","@id":"https:\/\/www.kider.com\/pt-pt\/rack\/#breadcrumb","itemListElement":[{"@type":"ListItem","position":1,"name":"Portada","item":"https:\/\/www.kider.com\/pt-pt\/"},{"@type":"ListItem","position":2,"name":"Rack"}]},{"@type":"WebSite","@id":"https:\/\/www.kider.com\/#website","url":"https:\/\/www.kider.com\/","name":"Kider Store Solutions","description":"Equipamiento Comercial","potentialAction":[{"@type":"SearchAction","target":{"@type":"EntryPoint","urlTemplate":"https:\/\/www.kider.com\/?s={search_term_string}"},"query-input":"required name=search_term_string"}],"inLanguage":"pt-PT"}]}},"_links":{"self":[{"href":"https:\/\/www.kider.com\/pt-pt\/wp-json\/wp\/v2\/pages\/2005"}],"collection":[{"href":"https:\/\/www.kider.com\/pt-pt\/wp-json\/wp\/v2\/pages"}],"about":[{"href":"https:\/\/www.kider.com\/pt-pt\/wp-json\/wp\/v2\/types\/page"}],"author":[{"embeddable":true,"href":"https:\/\/www.kider.com\/pt-pt\/wp-json\/wp\/v2\/users\/3"}],"replies":[{"embeddable":true,"href":"https:\/\/www.kider.com\/pt-pt\/wp-json\/wp\/v2\/comments?post=2005"}],"version-history":[{"count":0,"href":"https:\/\/www.kider.com\/pt-pt\/wp-json\/wp\/v2\/pages\/2005\/revisions"}],"wp:attachment":[{"href":"https:\/\/www.kider.com\/pt-pt\/wp-json\/wp\/v2\/media?parent=2005"}],"curies":[{"name":"wp","href":"https:\/\/api.w.org\/{rel}","templated":true}]}}