{"id":2596,"date":"2026-03-23T11:45:31","date_gmt":"2026-03-23T11:45:31","guid":{"rendered":"https:\/\/www.kider.com\/trabalho-na-kider\/"},"modified":"2026-04-14T15:26:23","modified_gmt":"2026-04-14T15:26:23","slug":"trabalha-na-kider","status":"publish","type":"page","link":"https:\/\/www.kider.com\/pt-pt\/trabalha-na-kider\/","title":{"rendered":"Trabalha na kider"},"content":{"rendered":"\t\t<div data-elementor-type=\"wp-page\" data-elementor-id=\"2596\" class=\"elementor elementor-2596 elementor-2569\" data-elementor-post-type=\"page\">\n\t\t\t\t<div class=\"elementor-element elementor-element-2e843199 e-con-full e-flex e-con e-parent\" data-id=\"2e843199\" data-element_type=\"container\" data-e-type=\"container\" data-settings=\"{&quot;background_background&quot;:&quot;classic&quot;}\">\n\t\t<div class=\"elementor-element elementor-element-ec457f9 e-con-full e-flex e-con e-child\" data-id=\"ec457f9\" data-element_type=\"container\" data-e-type=\"container\">\n\t\t<div class=\"elementor-element elementor-element-7f60f8d e-con-full e-flex e-con e-child\" data-id=\"7f60f8d\" data-element_type=\"container\" data-e-type=\"container\">\n\t\t<div class=\"elementor-element elementor-element-21a720a e-con-full e-flex e-con e-child\" data-id=\"21a720a\" data-element_type=\"container\" data-e-type=\"container\">\n\t\t<div class=\"elementor-element elementor-element-b19100d e-con-full e-flex e-con e-child\" data-id=\"b19100d\" data-element_type=\"container\" data-e-type=\"container\">\n\t\t\t\t<div class=\"elementor-element elementor-element-3d7d22e elementor-widget elementor-widget-heading\" data-id=\"3d7d22e\" data-element_type=\"widget\" data-e-type=\"widget\" data-widget_type=\"heading.default\">\n\t\t\t\t<div class=\"elementor-widget-container\">\n\t\t\t\t\t<h1 class=\"elementor-heading-title elementor-size-default\">Trabalhe connosco<\/h1>\t\t\t\t<\/div>\n\t\t\t\t<\/div>\n\t\t\t\t<div class=\"elementor-element elementor-element-c3d2488 elementor-widget elementor-widget-heading\" data-id=\"c3d2488\" data-element_type=\"widget\" data-e-type=\"widget\" data-widget_type=\"heading.default\">\n\t\t\t\t<div class=\"elementor-widget-container\">\n\t\t\t\t\t<h2 class=\"elementor-heading-title elementor-size-default\">Torne-se parte da nossa equipa<\/h2>\t\t\t\t<\/div>\n\t\t\t\t<\/div>\n\t\t\t\t<div class=\"elementor-element elementor-element-1fa113a elementor-widget__width-inherit elementor-widget-tablet__width-inherit elementor-widget elementor-widget-text-editor\" data-id=\"1fa113a\" data-element_type=\"widget\" data-e-type=\"widget\" data-widget_type=\"text-editor.default\">\n\t\t\t\t<div class=\"elementor-widget-container\">\n\t\t\t\t\t\t\t\t\t<p>Deixe-nos os seus dados e o seu CV e entraremos em contacto consigo sobre as nossas ofertas de emprego.<\/p>\t\t\t\t\t\t\t\t<\/div>\n\t\t\t\t<\/div>\n\t\t\t\t<\/div>\n\t\t\t\t<div class=\"elementor-element elementor-element-8c19381 elementor-widget__width-initial elementor-widget elementor-widget-image\" data-id=\"8c19381\" data-element_type=\"widget\" data-e-type=\"widget\" data-widget_type=\"image.default\">\n\t\t\t\t<div class=\"elementor-widget-container\">\n\t\t\t\t\t\t\t\t\t\t\t\t\t\t\t<img fetchpriority=\"high\" decoding=\"async\" width=\"1200\" height=\"1200\" src=\"https:\/\/www.kider.com\/wp-content\/uploads\/2026\/02\/partners-estrategicos-1.jpg\" class=\"attachment-full size-full wp-image-2470\" alt=\"\" srcset=\"https:\/\/www.kider.com\/wp-content\/uploads\/2026\/02\/partners-estrategicos-1.jpg 1200w, https:\/\/www.kider.com\/wp-content\/uploads\/2026\/02\/partners-estrategicos-1-300x300.jpg 300w, https:\/\/www.kider.com\/wp-content\/uploads\/2026\/02\/partners-estrategicos-1-1024x1024.jpg 1024w, https:\/\/www.kider.com\/wp-content\/uploads\/2026\/02\/partners-estrategicos-1-150x150.jpg 150w, https:\/\/www.kider.com\/wp-content\/uploads\/2026\/02\/partners-estrategicos-1-768x768.jpg 768w, https:\/\/www.kider.com\/wp-content\/uploads\/2026\/02\/partners-estrategicos-1-650x650.jpg 650w\" sizes=\"(max-width: 1200px) 100vw, 1200px\" \/>\t\t\t\t\t\t\t\t\t\t\t\t\t\t\t<\/div>\n\t\t\t\t<\/div>\n\t\t\t\t<\/div>\n\t\t\t\t<\/div>\n\t\t\t\t<\/div>\n\t\t\t\t<\/div>\n\t\t<div class=\"elementor-element elementor-element-f3ad51b e-con-full e-flex e-con e-parent\" data-id=\"f3ad51b\" data-element_type=\"container\" data-e-type=\"container\">\n\t\t\t\t<div class=\"elementor-element elementor-element-702c216 elementor-widget elementor-widget-template\" data-id=\"702c216\" data-element_type=\"widget\" data-e-type=\"widget\" data-widget_type=\"template.default\">\n\t\t\t\t<div class=\"elementor-widget-container\">\n\t\t\t\t\t\t\t<div class=\"elementor-template\">\n\t\t\t\t\t<div data-elementor-type=\"section\" data-elementor-id=\"4893\" class=\"elementor elementor-4893 elementor-4821 elementor-4821\" data-elementor-post-type=\"elementor_library\">\n\t\t\t<div class=\"elementor-element elementor-element-795677c e-flex e-con-boxed e-con e-parent\" data-id=\"795677c\" data-element_type=\"container\" data-e-type=\"container\" data-settings=\"{&quot;background_background&quot;:&quot;classic&quot;}\">\n\t\t\t\t\t<div class=\"e-con-inner\">\n\t\t\t\t<div class=\"elementor-element elementor-element-a397a8e elementor-invisible elementor-widget elementor-widget-heading\" data-id=\"a397a8e\" data-element_type=\"widget\" data-e-type=\"widget\" data-settings=\"{&quot;_animation&quot;:&quot;fadeIn&quot;}\" data-widget_type=\"heading.default\">\n\t\t\t\t<div class=\"elementor-widget-container\">\n\t\t\t\t\t<h2 class=\"elementor-heading-title elementor-size-default\">Queres trabalhar connosco?<\/h2>\t\t\t\t<\/div>\n\t\t\t\t<\/div>\n\t\t\t\t<div class=\"elementor-element elementor-element-d6e1830 elementor-button-align-start elementor-widget elementor-widget-form\" data-id=\"d6e1830\" data-element_type=\"widget\" data-e-type=\"widget\" data-settings=\"{&quot;step_next_label&quot;:&quot;Pr\\u00f3ximo&quot;,&quot;step_previous_label&quot;:&quot;Anterior&quot;,&quot;button_width&quot;:&quot;100&quot;,&quot;step_type&quot;:&quot;number_text&quot;,&quot;step_icon_shape&quot;:&quot;circle&quot;}\" data-widget_type=\"form.default\">\n\t\t\t\t<div class=\"elementor-widget-container\">\n\t\t\t\t\t\t\t<form class=\"elementor-form\" method=\"post\" name=\"Nova Forma\" aria-label=\"Nova Forma\">\n\t\t\t<input type=\"hidden\" name=\"post_id\" value=\"4893\"\/>\n\t\t\t<input type=\"hidden\" name=\"form_id\" value=\"d6e1830\"\/>\n\t\t\t<input type=\"hidden\" name=\"referer_title\" value=\"Kider Store Solutions\" \/>\n\n\t\t\t\n\t\t\t<div class=\"elementor-form-fields-wrapper elementor-labels-above\">\n\t\t\t\t\t\t\t\t<div class=\"elementor-field-type-text elementor-field-group elementor-column elementor-field-group-name elementor-col-33 elementor-field-required elementor-mark-required\">\n\t\t\t\t\t\t\t\t\t\t\t\t<label for=\"form-field-name\" class=\"elementor-field-label\">\n\t\t\t\t\t\t\t\tNome\t\t\t\t\t\t\t<\/label>\n\t\t\t\t\t\t\t\t\t\t\t\t\t\t<input size=\"1\" type=\"text\" name=\"form_fields[name]\" id=\"form-field-name\" class=\"elementor-field elementor-size-lg  elementor-field-textual\" required=\"required\">\n\t\t\t\t\t\t\t\t\t\t\t<\/div>\n\t\t\t\t\t\t\t\t<div class=\"elementor-field-type-email elementor-field-group elementor-column elementor-field-group-email elementor-col-33 elementor-field-required elementor-mark-required\">\n\t\t\t\t\t\t\t\t\t\t\t\t<label for=\"form-field-email\" class=\"elementor-field-label\">\n\t\t\t\t\t\t\t\tEmail\t\t\t\t\t\t\t<\/label>\n\t\t\t\t\t\t\t\t\t\t\t\t\t\t<input size=\"1\" type=\"email\" name=\"form_fields[email]\" id=\"form-field-email\" class=\"elementor-field elementor-size-lg  elementor-field-textual\" required=\"required\">\n\t\t\t\t\t\t\t\t\t\t\t<\/div>\n\t\t\t\t\t\t\t\t<div class=\"elementor-field-type-tel elementor-field-group elementor-column elementor-field-group-field_75c1bc0 elementor-col-33 elementor-field-required elementor-mark-required\">\n\t\t\t\t\t\t\t\t\t\t\t\t<label for=\"form-field-field_75c1bc0\" class=\"elementor-field-label\">\n\t\t\t\t\t\t\t\tTelefone\t\t\t\t\t\t\t<\/label>\n\t\t\t\t\t\t\t\t<input size=\"1\" type=\"tel\" name=\"form_fields[field_75c1bc0]\" id=\"form-field-field_75c1bc0\" class=\"elementor-field elementor-size-lg  elementor-field-textual\" required=\"required\" pattern=\"[0-9()#&amp;+*-=.]+\" title=\"Only numbers and phone characters (#, -, *, etc) are accepted.\">\n\n\t\t\t\t\t\t<\/div>\n\t\t\t\t\t\t\t\t<div class=\"elementor-field-type-textarea elementor-field-group elementor-column elementor-field-group-message elementor-col-100 elementor-field-required elementor-mark-required\">\n\t\t\t\t\t\t\t\t\t\t\t\t<label for=\"form-field-message\" class=\"elementor-field-label\">\n\t\t\t\t\t\t\t\tMensagem\t\t\t\t\t\t\t<\/label>\n\t\t\t\t\t\t<textarea class=\"elementor-field-textual elementor-field  elementor-size-lg\" name=\"form_fields[message]\" id=\"form-field-message\" rows=\"4\" required=\"required\"><\/textarea>\t\t\t\t<\/div>\n\t\t\t\t\t\t\t\t<div class=\"elementor-field-type-upload elementor-field-group elementor-column elementor-field-group-field_0c0fd43 elementor-col-100 elementor-field-required elementor-mark-required\">\n\t\t\t\t\t\t\t\t\t\t\t\t<label for=\"form-field-field_0c0fd43\" class=\"elementor-field-label\">\n\t\t\t\t\t\t\t\tAnexe o seu curr\u00edculo\t\t\t\t\t\t\t<\/label>\n\t\t\t\t\t\t\t\t<input type=\"file\" name=\"form_fields[field_0c0fd43]\" id=\"form-field-field_0c0fd43\" class=\"elementor-field elementor-size-lg  elementor-upload-field\" required=\"required\">\n\n\t\t\t\t\t\t<\/div>\n\t\t\t\t\t\t\t\t<div class=\"elementor-field-type-acceptance elementor-field-group elementor-column elementor-field-group-field_ef5c613 elementor-col-100 elementor-field-required elementor-mark-required\">\n\t\t\t\t\t\t\t<div class=\"elementor-field-subgroup\">\n\t\t\t<span class=\"elementor-field-option\">\n\t\t\t\t<input type=\"checkbox\" name=\"form_fields[field_ef5c613]\" id=\"form-field-field_ef5c613\" class=\"elementor-field elementor-size-lg  elementor-acceptance-field\" required=\"required\">\n\t\t\t\t<label for=\"form-field-field_ef5c613\">Li e aceito a <a href=\"https:\/\/www.kider.com\/politica-privacidad\/\" style=\"color: #BBB\">Pol\u00edtica de Privacidade<\/a><\/label>\t\t\t<\/span>\n\t\t<\/div>\n\t\t\t\t\t\t<\/div>\n\t\t\t\t\t\t\t\t<div class=\"elementor-field-group elementor-column elementor-field-type-submit elementor-col-100 e-form__buttons\">\n\t\t\t\t\t<button class=\"elementor-button elementor-size-sm\" type=\"submit\">\n\t\t\t\t\t\t<span class=\"elementor-button-content-wrapper\">\n\t\t\t\t\t\t\t\t\t\t\t\t\t\t\t<span class=\"elementor-button-icon\">\n\t\t\t\t\t\t\t\t\t<i aria-hidden=\"true\" class=\"icon icon-arrow-right\"><\/i>\t\t\t\t\t\t\t\t\t\t\t\t\t\t\t\t\t<\/span>\n\t\t\t\t\t\t\t\t\t\t\t\t\t\t\t\t\t\t\t\t\t\t<span class=\"elementor-button-text\">Enviar<\/span>\n\t\t\t\t\t\t\t\t\t\t\t\t\t<\/span>\n\t\t\t\t\t<\/button>\n\t\t\t\t<\/div>\n\t\t\t<\/div>\n\t\t<\/form>\n\t\t\t\t\t\t<\/div>\n\t\t\t\t<\/div>\n\t\t\t\t\t<\/div>\n\t\t\t\t<\/div>\n\t\t\t\t<\/div>\n\t\t\t\t<\/div>\n\t\t\t\t\t\t<\/div>\n\t\t\t\t<\/div>\n\t\t\t\t<\/div>\n\t\t\t\t<\/div>\n\t\t","protected":false},"excerpt":{"rendered":"<p>Trabalhe connosco Torne-se parte da nossa equipa Deixe-nos os seus dados e o seu CV e entraremos em contacto consigo sobre as nossas ofertas de emprego.<\/p>\n","protected":false},"author":6,"featured_media":0,"parent":0,"menu_order":0,"comment_status":"closed","ping_status":"closed","template":"","meta":{"footnotes":""},"class_list":["post-2596","page","type-page","status-publish","hentry"],"yoast_head":"<!-- This site is optimized with the Yoast SEO plugin v27.5 - https:\/\/yoast.com\/product\/yoast-seo-wordpress\/ -->\n<title>Trabalha na kider - Kider Store Solutions<\/title>\n<meta name=\"robots\" content=\"index, follow, max-snippet:-1, max-image-preview:large, max-video-preview:-1\" \/>\n<link rel=\"canonical\" href=\"https:\/\/www.kider.com\/pt-pt\/trabalha-na-kider\/\" \/>\n<meta property=\"og:locale\" content=\"pt_PT\" \/>\n<meta property=\"og:type\" content=\"article\" \/>\n<meta property=\"og:title\" content=\"Trabalha na kider - Kider Store Solutions\" \/>\n<meta property=\"og:description\" content=\"Trabalhe connosco Torne-se parte da nossa equipa Deixe-nos os seus dados e o seu CV e entraremos em contacto consigo sobre as nossas ofertas de emprego.\" \/>\n<meta property=\"og:url\" content=\"https:\/\/www.kider.com\/pt-pt\/trabalha-na-kider\/\" \/>\n<meta property=\"og:site_name\" content=\"Kider Store Solutions\" \/>\n<meta property=\"article:modified_time\" content=\"2026-04-14T15:26:23+00:00\" \/>\n<meta property=\"og:image\" content=\"https:\/\/www.kider.com\/wp-content\/uploads\/2026\/02\/partners-estrategicos-1.jpg\" \/>\n\t<meta property=\"og:image:width\" content=\"1200\" \/>\n\t<meta property=\"og:image:height\" content=\"1200\" \/>\n\t<meta property=\"og:image:type\" content=\"image\/jpeg\" \/>\n<meta name=\"twitter:card\" content=\"summary_large_image\" \/>\n<meta name=\"twitter:label1\" content=\"Est. reading time\" \/>\n\t<meta name=\"twitter:data1\" content=\"1 minute\" \/>\n<script type=\"application\/ld+json\" class=\"yoast-schema-graph\">{\"@context\":\"https:\\\/\\\/schema.org\",\"@graph\":[{\"@type\":\"WebPage\",\"@id\":\"https:\\\/\\\/www.kider.com\\\/pt-pt\\\/trabalha-na-kider\\\/\",\"url\":\"https:\\\/\\\/www.kider.com\\\/pt-pt\\\/trabalha-na-kider\\\/\",\"name\":\"Trabalha na kider - Kider Store Solutions\",\"isPartOf\":{\"@id\":\"https:\\\/\\\/www.kider.com\\\/pt-pt\\\/#website\"},\"primaryImageOfPage\":{\"@id\":\"https:\\\/\\\/www.kider.com\\\/pt-pt\\\/trabalha-na-kider\\\/#primaryimage\"},\"image\":{\"@id\":\"https:\\\/\\\/www.kider.com\\\/pt-pt\\\/trabalha-na-kider\\\/#primaryimage\"},\"thumbnailUrl\":\"https:\\\/\\\/www.kider.com\\\/wp-content\\\/uploads\\\/2026\\\/02\\\/partners-estrategicos-1.jpg\",\"datePublished\":\"2026-03-23T11:45:31+00:00\",\"dateModified\":\"2026-04-14T15:26:23+00:00\",\"breadcrumb\":{\"@id\":\"https:\\\/\\\/www.kider.com\\\/pt-pt\\\/trabalha-na-kider\\\/#breadcrumb\"},\"inLanguage\":\"pt-PT\",\"potentialAction\":[{\"@type\":\"ReadAction\",\"target\":[\"https:\\\/\\\/www.kider.com\\\/pt-pt\\\/trabalha-na-kider\\\/\"]}]},{\"@type\":\"ImageObject\",\"inLanguage\":\"pt-PT\",\"@id\":\"https:\\\/\\\/www.kider.com\\\/pt-pt\\\/trabalha-na-kider\\\/#primaryimage\",\"url\":\"https:\\\/\\\/www.kider.com\\\/wp-content\\\/uploads\\\/2026\\\/02\\\/partners-estrategicos-1.jpg\",\"contentUrl\":\"https:\\\/\\\/www.kider.com\\\/wp-content\\\/uploads\\\/2026\\\/02\\\/partners-estrategicos-1.jpg\"},{\"@type\":\"BreadcrumbList\",\"@id\":\"https:\\\/\\\/www.kider.com\\\/pt-pt\\\/trabalha-na-kider\\\/#breadcrumb\",\"itemListElement\":[{\"@type\":\"ListItem\",\"position\":1,\"name\":\"Portada\",\"item\":\"https:\\\/\\\/www.kider.com\\\/pt-pt\\\/home\\\/\"},{\"@type\":\"ListItem\",\"position\":2,\"name\":\"Trabalha na kider\"}]},{\"@type\":\"WebSite\",\"@id\":\"https:\\\/\\\/www.kider.com\\\/pt-pt\\\/#website\",\"url\":\"https:\\\/\\\/www.kider.com\\\/pt-pt\\\/\",\"name\":\"Kider Store Solutions\",\"description\":\"Soluciones de asesoramiento, dise\u00f1o, desarrollo, fabricaci\u00f3n y comercializaci\u00f3n para espacios comerciales\",\"publisher\":{\"@id\":\"https:\\\/\\\/www.kider.com\\\/pt-pt\\\/#organization\"},\"potentialAction\":[{\"@type\":\"SearchAction\",\"target\":{\"@type\":\"EntryPoint\",\"urlTemplate\":\"https:\\\/\\\/www.kider.com\\\/pt-pt\\\/?s={search_term_string}\"},\"query-input\":{\"@type\":\"PropertyValueSpecification\",\"valueRequired\":true,\"valueName\":\"search_term_string\"}}],\"inLanguage\":\"pt-PT\"},{\"@type\":\"Organization\",\"@id\":\"https:\\\/\\\/www.kider.com\\\/pt-pt\\\/#organization\",\"name\":\"Kider Store Solutions\",\"url\":\"https:\\\/\\\/www.kider.com\\\/pt-pt\\\/\",\"logo\":{\"@type\":\"ImageObject\",\"inLanguage\":\"pt-PT\",\"@id\":\"https:\\\/\\\/www.kider.com\\\/pt-pt\\\/#\\\/schema\\\/logo\\\/image\\\/\",\"url\":\"https:\\\/\\\/www.kider.com\\\/wp-content\\\/uploads\\\/2026\\\/01\\\/kider-logo-1.svg\",\"contentUrl\":\"https:\\\/\\\/www.kider.com\\\/wp-content\\\/uploads\\\/2026\\\/01\\\/kider-logo-1.svg\",\"width\":142,\"height\":56,\"caption\":\"Kider Store Solutions\"},\"image\":{\"@id\":\"https:\\\/\\\/www.kider.com\\\/pt-pt\\\/#\\\/schema\\\/logo\\\/image\\\/\"}}]}<\/script>\n<!-- \/ Yoast SEO plugin. -->","yoast_head_json":{"title":"Trabalha na kider - Kider Store Solutions","robots":{"index":"index","follow":"follow","max-snippet":"max-snippet:-1","max-image-preview":"max-image-preview:large","max-video-preview":"max-video-preview:-1"},"canonical":"https:\/\/www.kider.com\/pt-pt\/trabalha-na-kider\/","og_locale":"pt_PT","og_type":"article","og_title":"Trabalha na kider - Kider Store Solutions","og_description":"Trabalhe connosco Torne-se parte da nossa equipa Deixe-nos os seus dados e o seu CV e entraremos em contacto consigo sobre as nossas ofertas de emprego.","og_url":"https:\/\/www.kider.com\/pt-pt\/trabalha-na-kider\/","og_site_name":"Kider Store Solutions","article_modified_time":"2026-04-14T15:26:23+00:00","og_image":[{"width":1200,"height":1200,"url":"https:\/\/www.kider.com\/wp-content\/uploads\/2026\/02\/partners-estrategicos-1.jpg","type":"image\/jpeg"}],"twitter_card":"summary_large_image","twitter_misc":{"Est. reading time":"1 minute"},"schema":{"@context":"https:\/\/schema.org","@graph":[{"@type":"WebPage","@id":"https:\/\/www.kider.com\/pt-pt\/trabalha-na-kider\/","url":"https:\/\/www.kider.com\/pt-pt\/trabalha-na-kider\/","name":"Trabalha na kider - Kider Store Solutions","isPartOf":{"@id":"https:\/\/www.kider.com\/pt-pt\/#website"},"primaryImageOfPage":{"@id":"https:\/\/www.kider.com\/pt-pt\/trabalha-na-kider\/#primaryimage"},"image":{"@id":"https:\/\/www.kider.com\/pt-pt\/trabalha-na-kider\/#primaryimage"},"thumbnailUrl":"https:\/\/www.kider.com\/wp-content\/uploads\/2026\/02\/partners-estrategicos-1.jpg","datePublished":"2026-03-23T11:45:31+00:00","dateModified":"2026-04-14T15:26:23+00:00","breadcrumb":{"@id":"https:\/\/www.kider.com\/pt-pt\/trabalha-na-kider\/#breadcrumb"},"inLanguage":"pt-PT","potentialAction":[{"@type":"ReadAction","target":["https:\/\/www.kider.com\/pt-pt\/trabalha-na-kider\/"]}]},{"@type":"ImageObject","inLanguage":"pt-PT","@id":"https:\/\/www.kider.com\/pt-pt\/trabalha-na-kider\/#primaryimage","url":"https:\/\/www.kider.com\/wp-content\/uploads\/2026\/02\/partners-estrategicos-1.jpg","contentUrl":"https:\/\/www.kider.com\/wp-content\/uploads\/2026\/02\/partners-estrategicos-1.jpg"},{"@type":"BreadcrumbList","@id":"https:\/\/www.kider.com\/pt-pt\/trabalha-na-kider\/#breadcrumb","itemListElement":[{"@type":"ListItem","position":1,"name":"Portada","item":"https:\/\/www.kider.com\/pt-pt\/home\/"},{"@type":"ListItem","position":2,"name":"Trabalha na kider"}]},{"@type":"WebSite","@id":"https:\/\/www.kider.com\/pt-pt\/#website","url":"https:\/\/www.kider.com\/pt-pt\/","name":"Kider Store Solutions","description":"Soluciones de asesoramiento, dise\u00f1o, desarrollo, fabricaci\u00f3n y comercializaci\u00f3n para espacios comerciales","publisher":{"@id":"https:\/\/www.kider.com\/pt-pt\/#organization"},"potentialAction":[{"@type":"SearchAction","target":{"@type":"EntryPoint","urlTemplate":"https:\/\/www.kider.com\/pt-pt\/?s={search_term_string}"},"query-input":{"@type":"PropertyValueSpecification","valueRequired":true,"valueName":"search_term_string"}}],"inLanguage":"pt-PT"},{"@type":"Organization","@id":"https:\/\/www.kider.com\/pt-pt\/#organization","name":"Kider Store Solutions","url":"https:\/\/www.kider.com\/pt-pt\/","logo":{"@type":"ImageObject","inLanguage":"pt-PT","@id":"https:\/\/www.kider.com\/pt-pt\/#\/schema\/logo\/image\/","url":"https:\/\/www.kider.com\/wp-content\/uploads\/2026\/01\/kider-logo-1.svg","contentUrl":"https:\/\/www.kider.com\/wp-content\/uploads\/2026\/01\/kider-logo-1.svg","width":142,"height":56,"caption":"Kider Store Solutions"},"image":{"@id":"https:\/\/www.kider.com\/pt-pt\/#\/schema\/logo\/image\/"}}]}},"_links":{"self":[{"href":"https:\/\/www.kider.com\/pt-pt\/wp-json\/wp\/v2\/pages\/2596","targetHints":{"allow":["GET"]}}],"collection":[{"href":"https:\/\/www.kider.com\/pt-pt\/wp-json\/wp\/v2\/pages"}],"about":[{"href":"https:\/\/www.kider.com\/pt-pt\/wp-json\/wp\/v2\/types\/page"}],"author":[{"embeddable":true,"href":"https:\/\/www.kider.com\/pt-pt\/wp-json\/wp\/v2\/users\/6"}],"replies":[{"embeddable":true,"href":"https:\/\/www.kider.com\/pt-pt\/wp-json\/wp\/v2\/comments?post=2596"}],"version-history":[{"count":0,"href":"https:\/\/www.kider.com\/pt-pt\/wp-json\/wp\/v2\/pages\/2596\/revisions"}],"wp:attachment":[{"href":"https:\/\/www.kider.com\/pt-pt\/wp-json\/wp\/v2\/media?parent=2596"}],"curies":[{"name":"wp","href":"https:\/\/api.w.org\/{rel}","templated":true}]}}