{"id":3021,"date":"2017-01-24T10:48:26","date_gmt":"2017-01-24T10:48:26","guid":{"rendered":"https:\/\/www.kider.com\/pt-pt\/?page_id=3021"},"modified":"2022-09-08T08:51:00","modified_gmt":"2022-09-08T08:51:00","slug":"bio","status":"publish","type":"page","link":"https:\/\/www.kider.com\/pt-pt\/bio\/","title":{"rendered":"BIO"},"content":{"rendered":"<p>[et_pb_section fb_built=&#8221;1&#8243; admin_label=&#8221;section&#8221; _builder_version=&#8221;4.16&#8243; global_colors_info=&#8221;{}&#8221;][et_pb_row column_structure=&#8221;1_2,1_2&#8243; admin_label=&#8221;row&#8221; _builder_version=&#8221;4.17.4&#8243; background_size=&#8221;initial&#8221; background_position=&#8221;top_left&#8221; background_repeat=&#8221;repeat&#8221; global_colors_info=&#8221;{}&#8221;][et_pb_column type=&#8221;1_2&#8243; _builder_version=&#8221;4.16&#8243; custom_padding=&#8221;|||&#8221; global_colors_info=&#8221;{}&#8221; custom_padding__hover=&#8221;|||&#8221;][et_pb_text admin_label=&#8221;Texto&#8221; _builder_version=&#8221;4.17.4&#8243; background_size=&#8221;initial&#8221; background_position=&#8221;top_left&#8221; background_repeat=&#8221;repeat&#8221; use_border_color=&#8221;off&#8221; border_color=&#8221;#ffffff&#8221; border_style=&#8221;solid&#8221; global_colors_info=&#8221;{}&#8221;]<\/p>\n<p>&nbsp;<\/p>\n<p>&nbsp;<\/p>\n<p>&nbsp;<\/p>\n<h1 style=\"text-align: right;\"><strong><span style=\"color: #0e4788;\">BIO<\/span><\/strong><\/h1>\n<p>&nbsp;<\/p>\n<p style=\"text-align: justify;\">O cliente que visita a nossa Bio ou espa\u00e7o ecol\u00f3gico procura algo mais do que um produto; es por eso que no se le puede exponer lo que busca si no es de la manera m\u00e1s personal posible, ya estemos vendiendo verduras frescas o productos en bote o enlatados sin alterar, e incluso cremas y otros tipos de productos cosm\u00e9ticos fabricados de manera sostenible con o meio ambiente. Na Kider Store Solutions temos m\u00f3veis adaptados a cada tipo de produto, criando cen\u00e1rios que tornam a experi\u00eancia de compra adequada a cada um deles.<\/p>\n<p>[\/et_pb_text][\/et_pb_column][et_pb_column type=&#8221;1_2&#8243; _builder_version=&#8221;4.17.4&#8243; _module_preset=&#8221;default&#8221; global_colors_info=&#8221;{}&#8221;][et_pb_text admin_label=&#8221;Texto&#8221; _builder_version=&#8221;4.16&#8243; background_size=&#8221;initial&#8221; background_position=&#8221;top_left&#8221; background_repeat=&#8221;repeat&#8221; use_border_color=&#8221;off&#8221; border_color=&#8221;#ffffff&#8221; border_style=&#8221;solid&#8221; global_colors_info=&#8221;{}&#8221;]<\/p>\n<div class=\"n2-td n2-first\">\n<div style=\"text-align: center;\"><\/div>\n<\/div>\n<p>[\/et_pb_text][et_pb_text admin_label=&#8221;Texto&#8221; _builder_version=&#8221;4.16&#8243; background_size=&#8221;initial&#8221; background_position=&#8221;top_left&#8221; background_repeat=&#8221;repeat&#8221; use_border_color=&#8221;off&#8221; border_color=&#8221;#ffffff&#8221; border_style=&#8221;solid&#8221; global_colors_info=&#8221;{}&#8221;]<\/p>\n<div class=\"et_pb_text et_pb_module et_pb_bg_layout_light et_pb_text_align_left et_pb_text_1\">\n<div class=\"et_pb_text et_pb_module et_pb_bg_layout_light et_pb_text_align_left et_pb_text_1\">\n<h6 style=\"text-align: center;\">Clique sobre a imagem para se manter est\u00e1tica.<\/h6>\n<\/div>\n<\/div>\n<p>[\/et_pb_text][\/et_pb_column][\/et_pb_row][\/et_pb_section]<\/p>\n","protected":false},"excerpt":{"rendered":"<p>&nbsp; &nbsp; &nbsp; BIO &nbsp; O cliente que visita a nossa Bio ou espa\u00e7o ecol\u00f3gico procura algo mais do que um produto; es por eso que no se le puede exponer lo que busca si no es de la manera m\u00e1s personal posible, ya estemos vendiendo verduras frescas o productos en bote o enlatados sin [&hellip;]<\/p>\n","protected":false},"author":3,"featured_media":0,"parent":0,"menu_order":0,"comment_status":"closed","ping_status":"closed","template":"","meta":{"_et_pb_use_builder":"on","_et_pb_old_content":"","_et_gb_content_width":"","footnotes":""},"yoast_head":"<!-- This site is optimized with the Yoast SEO plugin v22.2 - https:\/\/yoast.com\/wordpress\/plugins\/seo\/ -->\n<title>BIO - Kider Store Solutions<\/title>\n<meta name=\"robots\" content=\"index, follow, max-snippet:-1, max-image-preview:large, max-video-preview:-1\" \/>\n<link rel=\"canonical\" href=\"https:\/\/www.kider.com\/pt-pt\/bio\/\" \/>\n<meta property=\"og:locale\" content=\"pt_PT\" \/>\n<meta property=\"og:type\" content=\"article\" \/>\n<meta property=\"og:title\" content=\"BIO - Kider Store Solutions\" \/>\n<meta property=\"og:description\" content=\"&nbsp; &nbsp; &nbsp; BIO &nbsp; O cliente que visita a nossa Bio ou espa\u00e7o ecol\u00f3gico procura algo mais do que um produto; es por eso que no se le puede exponer lo que busca si no es de la manera m\u00e1s personal posible, ya estemos vendiendo verduras frescas o productos en bote o enlatados sin [&hellip;]\" \/>\n<meta property=\"og:url\" content=\"https:\/\/www.kider.com\/pt-pt\/bio\/\" \/>\n<meta property=\"og:site_name\" content=\"Kider Store Solutions\" \/>\n<meta property=\"article:modified_time\" content=\"2022-09-08T08:51:00+00:00\" \/>\n<meta name=\"twitter:card\" content=\"summary_large_image\" \/>\n<meta name=\"twitter:label1\" content=\"Tempo estimado de leitura\" \/>\n\t<meta name=\"twitter:data1\" content=\"1 minuto\" \/>\n<script type=\"application\/ld+json\" class=\"yoast-schema-graph\">{\"@context\":\"https:\/\/schema.org\",\"@graph\":[{\"@type\":\"WebPage\",\"@id\":\"https:\/\/www.kider.com\/pt-pt\/bio\/\",\"url\":\"https:\/\/www.kider.com\/pt-pt\/bio\/\",\"name\":\"BIO - Kider Store Solutions\",\"isPartOf\":{\"@id\":\"https:\/\/www.kider.com\/#website\"},\"datePublished\":\"2017-01-24T10:48:26+00:00\",\"dateModified\":\"2022-09-08T08:51:00+00:00\",\"breadcrumb\":{\"@id\":\"https:\/\/www.kider.com\/pt-pt\/bio\/#breadcrumb\"},\"inLanguage\":\"pt-PT\",\"potentialAction\":[{\"@type\":\"ReadAction\",\"target\":[\"https:\/\/www.kider.com\/pt-pt\/bio\/\"]}]},{\"@type\":\"BreadcrumbList\",\"@id\":\"https:\/\/www.kider.com\/pt-pt\/bio\/#breadcrumb\",\"itemListElement\":[{\"@type\":\"ListItem\",\"position\":1,\"name\":\"Portada\",\"item\":\"https:\/\/www.kider.com\/pt-pt\/\"},{\"@type\":\"ListItem\",\"position\":2,\"name\":\"BIO\"}]},{\"@type\":\"WebSite\",\"@id\":\"https:\/\/www.kider.com\/#website\",\"url\":\"https:\/\/www.kider.com\/\",\"name\":\"Kider Store Solutions\",\"description\":\"Equipamiento Comercial\",\"potentialAction\":[{\"@type\":\"SearchAction\",\"target\":{\"@type\":\"EntryPoint\",\"urlTemplate\":\"https:\/\/www.kider.com\/?s={search_term_string}\"},\"query-input\":\"required name=search_term_string\"}],\"inLanguage\":\"pt-PT\"}]}<\/script>\n<!-- \/ Yoast SEO plugin. -->","yoast_head_json":{"title":"BIO - Kider Store Solutions","robots":{"index":"index","follow":"follow","max-snippet":"max-snippet:-1","max-image-preview":"max-image-preview:large","max-video-preview":"max-video-preview:-1"},"canonical":"https:\/\/www.kider.com\/pt-pt\/bio\/","og_locale":"pt_PT","og_type":"article","og_title":"BIO - Kider Store Solutions","og_description":"&nbsp; &nbsp; &nbsp; BIO &nbsp; O cliente que visita a nossa Bio ou espa\u00e7o ecol\u00f3gico procura algo mais do que um produto; es por eso que no se le puede exponer lo que busca si no es de la manera m\u00e1s personal posible, ya estemos vendiendo verduras frescas o productos en bote o enlatados sin [&hellip;]","og_url":"https:\/\/www.kider.com\/pt-pt\/bio\/","og_site_name":"Kider Store Solutions","article_modified_time":"2022-09-08T08:51:00+00:00","twitter_card":"summary_large_image","twitter_misc":{"Tempo estimado de leitura":"1 minuto"},"schema":{"@context":"https:\/\/schema.org","@graph":[{"@type":"WebPage","@id":"https:\/\/www.kider.com\/pt-pt\/bio\/","url":"https:\/\/www.kider.com\/pt-pt\/bio\/","name":"BIO - Kider Store Solutions","isPartOf":{"@id":"https:\/\/www.kider.com\/#website"},"datePublished":"2017-01-24T10:48:26+00:00","dateModified":"2022-09-08T08:51:00+00:00","breadcrumb":{"@id":"https:\/\/www.kider.com\/pt-pt\/bio\/#breadcrumb"},"inLanguage":"pt-PT","potentialAction":[{"@type":"ReadAction","target":["https:\/\/www.kider.com\/pt-pt\/bio\/"]}]},{"@type":"BreadcrumbList","@id":"https:\/\/www.kider.com\/pt-pt\/bio\/#breadcrumb","itemListElement":[{"@type":"ListItem","position":1,"name":"Portada","item":"https:\/\/www.kider.com\/pt-pt\/"},{"@type":"ListItem","position":2,"name":"BIO"}]},{"@type":"WebSite","@id":"https:\/\/www.kider.com\/#website","url":"https:\/\/www.kider.com\/","name":"Kider Store Solutions","description":"Equipamiento Comercial","potentialAction":[{"@type":"SearchAction","target":{"@type":"EntryPoint","urlTemplate":"https:\/\/www.kider.com\/?s={search_term_string}"},"query-input":"required name=search_term_string"}],"inLanguage":"pt-PT"}]}},"_links":{"self":[{"href":"https:\/\/www.kider.com\/pt-pt\/wp-json\/wp\/v2\/pages\/3021"}],"collection":[{"href":"https:\/\/www.kider.com\/pt-pt\/wp-json\/wp\/v2\/pages"}],"about":[{"href":"https:\/\/www.kider.com\/pt-pt\/wp-json\/wp\/v2\/types\/page"}],"author":[{"embeddable":true,"href":"https:\/\/www.kider.com\/pt-pt\/wp-json\/wp\/v2\/users\/3"}],"replies":[{"embeddable":true,"href":"https:\/\/www.kider.com\/pt-pt\/wp-json\/wp\/v2\/comments?post=3021"}],"version-history":[{"count":0,"href":"https:\/\/www.kider.com\/pt-pt\/wp-json\/wp\/v2\/pages\/3021\/revisions"}],"wp:attachment":[{"href":"https:\/\/www.kider.com\/pt-pt\/wp-json\/wp\/v2\/media?parent=3021"}],"curies":[{"name":"wp","href":"https:\/\/api.w.org\/{rel}","templated":true}]}}